{"id":23,"date":"2023-08-07T23:51:18","date_gmt":"2023-08-07T21:51:18","guid":{"rendered":"http:\/\/www.engelundmagorrian.ch\/?page_id=23"},"modified":"2024-05-15T23:45:20","modified_gmt":"2024-05-15T21:45:20","slug":"uber-uns","status":"publish","type":"page","link":"https:\/\/www.engelundmagorrian.ch\/?page_id=23","title":{"rendered":"\u00dcber Uns"},"content":{"rendered":"\n<p>Emily Magorrian hatte bereits in ihrem schottischen Bachelor die Gelegenheit, sich auf die Arbeit f\u00fcr das  j\u00fcngste Publikum zu spezialisieren. So hat sie mit Starcatchers und Imaginate, mit zwei der f\u00fchrenden europ\u00e4ischen Gruppen auf diesem Gebiet, zusammen gearbeitet. Luzius Engel hat als Theaterp\u00e4dagoge, Regisseur und Darsteller zahlreiche Projekte mit Kindern und f\u00fcr Kinder jeden Alters realisiert.<\/p>\n\n\n\n<p>Wir beide sind inspiriert, als Theatermacher*innen Performances zu schaffen, die Eltern und ihren kleinen Kindern einen gemeinsamen k\u00fcnstlerischen Erfahrungsraum erm\u00f6glicht. Sie sollen Theatererleben, das voller Sch\u00f6nheit und Fantasie ist und welches sie \u00fcber die gleichen Dinge lachen und staunen l\u00e4sst. Ein Theater, das den Bed\u00fcrfnissen der kleinen Kinder gerecht wird.<\/p>\n","protected":false},"excerpt":{"rendered":"<p>Emily Magorrian hatte bereits in ihrem schottischen Bachelor die Gelegenheit, sich auf die Arbeit f\u00fcr das j\u00fcngste Publikum zu spezialisieren. So hat sie mit Starcatchers und Imaginate, mit zwei der f\u00fchrenden europ\u00e4ischen Gruppen auf diesem Gebiet, zusammen gearbeitet. Luzius Engel hat als Theaterp\u00e4dagoge, Regisseur und Darsteller zahlreiche Projekte mit Kindern und f\u00fcr Kinder jeden Alters [&hellip;]<\/p>\n","protected":false},"author":2,"featured_media":123,"parent":0,"menu_order":0,"comment_status":"closed","ping_status":"closed","template":"","meta":{"footnotes":""},"class_list":["post-23","page","type-page","status-publish","has-post-thumbnail","hentry"],"_links":{"self":[{"href":"https:\/\/www.engelundmagorrian.ch\/index.php?rest_route=\/wp\/v2\/pages\/23","targetHints":{"allow":["GET"]}}],"collection":[{"href":"https:\/\/www.engelundmagorrian.ch\/index.php?rest_route=\/wp\/v2\/pages"}],"about":[{"href":"https:\/\/www.engelundmagorrian.ch\/index.php?rest_route=\/wp\/v2\/types\/page"}],"author":[{"embeddable":true,"href":"https:\/\/www.engelundmagorrian.ch\/index.php?rest_route=\/wp\/v2\/users\/2"}],"replies":[{"embeddable":true,"href":"https:\/\/www.engelundmagorrian.ch\/index.php?rest_route=%2Fwp%2Fv2%2Fcomments&post=23"}],"version-history":[{"count":3,"href":"https:\/\/www.engelundmagorrian.ch\/index.php?rest_route=\/wp\/v2\/pages\/23\/revisions"}],"predecessor-version":[{"id":152,"href":"https:\/\/www.engelundmagorrian.ch\/index.php?rest_route=\/wp\/v2\/pages\/23\/revisions\/152"}],"wp:featuredmedia":[{"embeddable":true,"href":"https:\/\/www.engelundmagorrian.ch\/index.php?rest_route=\/wp\/v2\/media\/123"}],"wp:attachment":[{"href":"https:\/\/www.engelundmagorrian.ch\/index.php?rest_route=%2Fwp%2Fv2%2Fmedia&parent=23"}],"curies":[{"name":"wp","href":"https:\/\/api.w.org\/{rel}","templated":true}]}}