{"id":51,"date":"2023-08-08T14:05:31","date_gmt":"2023-08-08T12:05:31","guid":{"rendered":"http:\/\/www.engelundmagorrian.ch\/?page_id=51"},"modified":"2025-07-08T11:18:21","modified_gmt":"2025-07-08T09:18:21","slug":"was-macht-ds-watter","status":"publish","type":"page","link":"https:\/\/www.engelundmagorrian.ch\/","title":{"rendered":"Was Macht ds W\u00e4tter?"},"content":{"rendered":"\n<figure class=\"wp-block-gallery has-nested-images columns-default is-cropped wp-block-gallery-1 is-layout-flex wp-block-gallery-is-layout-flex\">\n<figure class=\"wp-block-image size-large\"><img loading=\"lazy\" decoding=\"async\" width=\"3940\" height=\"5922\" data-id=\"32\" src=\"http:\/\/www.engelundmagorrian.ch\/wp-content\/uploads\/2023\/08\/20221015_Was-macht-ds-Wetter_1185-min.jpg\" alt=\"\" class=\"wp-image-32\"\/><\/figure>\n\n\n\n<figure class=\"wp-block-image size-full\"><img loading=\"lazy\" decoding=\"async\" width=\"4000\" height=\"2661\" data-id=\"34\" src=\"http:\/\/www.engelundmagorrian.ch\/wp-content\/uploads\/2023\/08\/20221015_Was-macht-ds-Wetter_0467-min.jpg\" alt=\"\" class=\"wp-image-34\"\/><\/figure>\n\n\n\n<figure class=\"wp-block-image size-large\"><img loading=\"lazy\" decoding=\"async\" width=\"4000\" height=\"2661\" data-id=\"31\" src=\"http:\/\/www.engelundmagorrian.ch\/wp-content\/uploads\/2023\/08\/20221015_Was-macht-ds-Wetter_0272-min.jpg\" alt=\"\" class=\"wp-image-31\"\/><\/figure>\n\n\n\n<figure class=\"wp-block-image size-large\"><img loading=\"lazy\" decoding=\"async\" width=\"4000\" height=\"2661\" data-id=\"29\" src=\"http:\/\/www.engelundmagorrian.ch\/wp-content\/uploads\/2023\/08\/Was-macht-ds-Wetter_0552_JanoschAbel-min-1.jpg\" alt=\"\" class=\"wp-image-29\"\/><\/figure>\n<\/figure>\n\n\n\n<p><strong>Wir sind beim Wetterwart zu Besuch: Jeden Tag steht das Wetter auf und macht seine Show. Am Morgen muss es aufgeweckt und f\u00fcr den Tag vorbereitet werden, es  zur richtigen Zeit am richtigen Ort sein, so wie es der Wetterbericht vorsieht. \u00abWas macht ds W\u00e4tter?\u00bb ist eine spielerische, bildstarke Auff\u00fchrung mit wenig Worten f\u00fcr das j\u00fcngste Publikum.<\/strong><\/p>\n\n\n\n<p><a href=\"https:\/\/vimeo.com\/780273810\/b655a046b4\">https:\/\/vimeo.com\/780273810\/b655a046b4<\/a><\/p>\n\n\n\n<p>Der Wetterwart bereitet die Wetter-Elemente auf ihren Einsatz vor, das heutige Wetter zu veranstalten. Doch das Wetter ist nicht einfach zu kontrollieren, immer wieder macht es, was es will und der Wetterwart hat alle H\u00e4nde voll zu tun, das Chaos in den Griff zu kriegen. Denn die Sonne ist aufgeregt und will spielen, die f\u00fcnf Wolken m\u00fcssen gleichzeitig an den Himmel, der Himmel will nicht immer nur brav im Hintergrund sein, und wo ist eigentlich der Regen? Es sollte doch Regen geben heute!<\/p>\n\n\n\n<p><br>Auch f\u00fcr die Kleinsten ist das Wetter schon nach dem Aufstehen ein Dauerthema: Was anziehen, wenn es kalt ist oder regnet? Oder beschert uns die Sonne einen richtig warmen Tag? Der T\u00e4nzer Moritz Alfons l\u00e4sst die Kapriolen der Natur durch Objekte, Materialien und Ph\u00e4nomene lebendig werden.<\/p>\n\n\n\n<figure class=\"wp-block-gallery has-nested-images columns-default is-cropped wp-block-gallery-2 is-layout-flex wp-block-gallery-is-layout-flex\">\n<figure class=\"wp-block-image size-large\"><img loading=\"lazy\" decoding=\"async\" width=\"4000\" height=\"6012\" data-id=\"37\" src=\"http:\/\/www.engelundmagorrian.ch\/wp-content\/uploads\/2023\/08\/20221015_Was-macht-ds-Wetter_0846-min.jpg\" alt=\"\" class=\"wp-image-37\"\/><\/figure>\n\n\n\n<figure class=\"wp-block-image size-large\"><img loading=\"lazy\" decoding=\"async\" width=\"4000\" height=\"2661\" data-id=\"36\" src=\"http:\/\/www.engelundmagorrian.ch\/wp-content\/uploads\/2023\/08\/Was-macht-ds-Wetter_0826_JanoschAbel-min.jpg\" alt=\"\" class=\"wp-image-36\"\/><\/figure>\n<\/figure>\n\n\n\n<h5 class=\"wp-block-heading\">MITWIRKENDE<\/h5>\n\n\n\n<p>MIT:&nbsp;<a href=\"https:\/\/moritzalfons.com\/\" target=\"_blank\" rel=\"noreferrer noopener\">Moritz Alfons<\/a>.<br>KONZEPT &amp; REGIE:&nbsp;Luzius Engel &amp; <a href=\"http:\/\/www.emilymagorrian.ch\/\" target=\"_blank\" rel=\"noreferrer noopener\">Emily Magorrian.<\/a><br>TEXT:&nbsp;Matto K\u00e4mpf.<br>B\u00dcHNE, OBJEKTE &amp; KOST\u00dcME:&nbsp;<a href=\"https:\/\/www.lindarothenbuehler.ch\/\" target=\"_blank\" rel=\"noreferrer noopener\">Linda Rothenb\u00fchler.<\/a><br>TECHNIK &amp; MUSIKSUPPORT:&nbsp;Demian Jakob.<br>COACHING FIGURENSPIEL:&nbsp;Stephan Eberhard.<br>OEIL EXT\u00c9RIEUR:&nbsp;<a href=\"http:\/\/www.andymanley.com\/\" target=\"_blank\" rel=\"noreferrer noopener\">Andy Manley<\/a>.<br>PRODUKTIONSLEITUNG:&nbsp;Irene Andreetto.<br>KOPRODUKTION MIT:&nbsp;<a href=\"https:\/\/schlachthaus.ch\/\" target=\"_blank\" rel=\"noreferrer noopener\">Schlachthaus Theater Bern<\/a>, <a href=\"https:\/\/www.theater-stadelhofen.ch\/\" target=\"_blank\" rel=\"noreferrer noopener\">Theater Stadelhofen Z\u00fcrich<\/a> &amp; <a href=\"https:\/\/www.buehne-aarau.ch\/\" target=\"_blank\" rel=\"noreferrer noopener\">B\u00fchne Aarau.<\/a><br>MIT UNTERST\u00dcTZUNG VON:&nbsp;Kultur Stadt Bern, Swisslos &#8211; Kultur Kanton Bern, Stadt Z\u00fcrich Kultur, Corodis,&nbsp;Loterie&nbsp;Romande, Pro Helvetia, Schweizer Kulturstiftung, Burgergemeinde Bern, Stanley Thomas Johnson Stiftung, Ernst G\u00f6hner Stiftung, BEKB F\u00f6rderfond &amp; B\u00fcrgi Willert Stiftung.<\/p>\n\n\n\n<h5 class=\"wp-block-heading\">PRESSSESTIMMEN<\/h5>\n\n\n\n<p><em>\u00abDen Regen findet er nicht, aber heraus, dass sich Donner und Blitz getrennt haben. \u00abEs funkt nicht mehr.\u00bb So geht das mit dem Wortwitz auf der B\u00fchne. Er h\u00e4lt die Erwachsenen bei Laune. [&#8230;]&nbsp;Gelangweilt hat sich niemand. Auch nicht die Erwachsenen. Sie staunen \u00fcber die Kunst des Theaters, mit einfachsten Mitteln belebte Bilder und Stimmungen zu schaffen. Die Reduktion der Requisiten ist gewollt, es ist die Poesie des Machbaren.\u00bb&nbsp;\u2013&nbsp;<\/em><a rel=\"noreferrer noopener\" href=\"https:\/\/www.aargauerzeitung.ch\/kultur\/aargau\/theater-die-kleinen-kinder-und-der-wettermacher-ld.2415472\" target=\"_blank\">Aargauer Zeitung<\/a><\/p>\n\n\n\n<p>DATEN <\/p>\n\n\n\n<ul class=\"wp-block-list\">\n<li>Di, 25. November 2025 Theater Pavillon Luzern, Schulvorstellungen<\/li>\n\n\n\n<li>Di, 13. Januar 2026 Theater altes Gymnasium, Sarnen Schulvorstellungen<\/li>\n\n\n\n<li>Mi, 14.  Januar 2026 Theater altes Gymnasium, Sarnen Schulvorstellungen<\/li>\n\n\n\n<li>Do, 15  Januar 2026 Theater altes Gymnasium, Sarnen Schulvorstellungen<\/li>\n\n\n\n<li>Mi, 18. M\u00e4rz 2026 Th\u00e9\u00e2tre de Marionettes, Lausanne<\/li>\n\n\n\n<li>Sa, 21. M\u00e4rz 2026 Th\u00e9\u00e2tre de Marionettes, Lausanne<\/li>\n\n\n\n<li>So, 22. M\u00e4rz 2026 Th\u00e9\u00e2tre de Marionettes, Lausanne<\/li>\n\n\n\n<li>Mi, 8. April 2026 Festival M\u00e9li\u2019m\u00f4me, Reims FR<\/li>\n\n\n\n<li>Do, 9. April 2026 Festival M\u00e9li\u2019m\u00f4me, Reims FR<\/li>\n\n\n\n<li>Son, 26. April 2026 Theater am Kirchplatz, Schaan<\/li>\n\n\n\n<li>Mo, 27.  April 2026 Theater am Kirchplatz, Schaan<\/li>\n<\/ul>\n\n\n\n<p><\/p>\n\n\n\n<p>ST\u00dcCKEINF\u00dcRUNG F\u00dcR DAS KLASSENZIMMER<\/p>\n\n\n\n<p>Der Reporter Pascal Nater und der Schauspieler Moritz Alfons stellen in dieser St\u00fcckeinf\u00fchrung die Figuren des St\u00fccks vor und h\u00f6ren ihnen zu, wie sie klingen. Die Einf\u00fchrung eignet sich f\u00fcr das Abspielen vor den Kindern im Klassenzimmer (besonders f\u00fcr 1. und 2. Klasse) und bereitet sowohl die Kinder als auch die Lehrperson auf den Besuch im Theater vor. Sie h\u00f6ren Ausschnitte aus der Auff\u00fchrung, und wie der Reporter Pascal Nater mit dem Schauspieler Moritz Alfons \u00fcber den St\u00fcckinhalt und den Theaterbesuch spricht.<\/p>\n\n\n<p><script class=\"podigee-podcast-player\" src=\"https:\/\/player.podigee-cdn.net\/podcast-player\/javascripts\/podigee-podcast-player.js\" data-configuration=\"https:\/\/kulturreportage-aargau.podigee.io\/s3e2-theaterfunken-reinhoeren\/embed?context=external\"><\/script><\/p>\n\n\n<p>Tour Dossier <a href=\"https:\/\/www.dropbox.com\/scl\/fi\/nit0wn20pj0y598nic2dg\/Dossier-DE_Was-macht-ds-W-tter.pdf?rlkey=e8obocj38kt8dnry96a6ttccm&amp;st=g4kingcp&amp;dl=0\">Deutsch<\/a> <a href=\"https:\/\/www.dropbox.com\/scl\/fi\/jrpx1t18efjn5rigdl3ei\/Dossier-FR_Quel-temps.pdf?rlkey=5m71k8qtehtppks0z5c64n8o4&amp;st=q7xu7w7c&amp;dl=0\">Fran\u00e7aise<\/a><\/p>\n\n\n\n<p>P\u00e4dagogicdossier <a href=\"https:\/\/www.dropbox.com\/scl\/fi\/j1o54bb4p4dm76z70invg\/2023_06_Begleitmaterial-W-tter.pdf?rlkey=j6b80eikq1h5foipkdilm07uj&amp;st=ob7pq8xl&amp;dl=0\">Deutsch<\/a> <a href=\"https:\/\/www.dropbox.com\/scl\/fi\/tb4qz6nb241o35rtl5yvg\/2025_01_12-Mat-riel-p-dagogique.pdf?rlkey=xlrx1xsmst752d4l2su8o4eiy&amp;st=9vctqzq2&amp;dl=0\">Fran\u00e7aise<\/a><\/p>\n\n\n\n<p><\/p>\n","protected":false},"excerpt":{"rendered":"<p>Wir sind beim Wetterwart zu Besuch: Jeden Tag steht das Wetter auf und macht seine Show. Am Morgen muss es aufgeweckt und f\u00fcr den Tag vorbereitet werden, es zur richtigen Zeit am richtigen Ort sein, so wie es der Wetterbericht vorsieht. \u00abWas macht ds W\u00e4tter?\u00bb ist eine spielerische, bildstarke Auff\u00fchrung mit wenig Worten f\u00fcr das [&hellip;]<\/p>\n","protected":false},"author":2,"featured_media":46,"parent":0,"menu_order":0,"comment_status":"closed","ping_status":"closed","template":"","meta":{"footnotes":""},"class_list":["post-51","page","type-page","status-publish","has-post-thumbnail","hentry"],"_links":{"self":[{"href":"https:\/\/www.engelundmagorrian.ch\/index.php?rest_route=\/wp\/v2\/pages\/51","targetHints":{"allow":["GET"]}}],"collection":[{"href":"https:\/\/www.engelundmagorrian.ch\/index.php?rest_route=\/wp\/v2\/pages"}],"about":[{"href":"https:\/\/www.engelundmagorrian.ch\/index.php?rest_route=\/wp\/v2\/types\/page"}],"author":[{"embeddable":true,"href":"https:\/\/www.engelundmagorrian.ch\/index.php?rest_route=\/wp\/v2\/users\/2"}],"replies":[{"embeddable":true,"href":"https:\/\/www.engelundmagorrian.ch\/index.php?rest_route=%2Fwp%2Fv2%2Fcomments&post=51"}],"version-history":[{"count":13,"href":"https:\/\/www.engelundmagorrian.ch\/index.php?rest_route=\/wp\/v2\/pages\/51\/revisions"}],"predecessor-version":[{"id":247,"href":"https:\/\/www.engelundmagorrian.ch\/index.php?rest_route=\/wp\/v2\/pages\/51\/revisions\/247"}],"wp:featuredmedia":[{"embeddable":true,"href":"https:\/\/www.engelundmagorrian.ch\/index.php?rest_route=\/wp\/v2\/media\/46"}],"wp:attachment":[{"href":"https:\/\/www.engelundmagorrian.ch\/index.php?rest_route=%2Fwp%2Fv2%2Fmedia&parent=51"}],"curies":[{"name":"wp","href":"https:\/\/api.w.org\/{rel}","templated":true}]}}