{"id":54,"date":"2023-08-08T23:25:29","date_gmt":"2023-08-08T21:25:29","guid":{"rendered":"http:\/\/www.engelundmagorrian.ch\/?page_id=54"},"modified":"2025-07-08T11:12:03","modified_gmt":"2025-07-08T09:12:03","slug":"daten","status":"publish","type":"page","link":"https:\/\/www.engelundmagorrian.ch\/?page_id=54","title":{"rendered":"Archiv-Daten"},"content":{"rendered":"\n<div class=\"wp-block-group has-global-padding is-layout-constrained wp-block-group-is-layout-constrained\">\n<div class=\"wp-block-group has-global-padding is-layout-constrained wp-block-group-is-layout-constrained\">\n<p><\/p>\n\n\n\n<p><strong>Vorgangene Daten 22\/23\/24\/25<\/strong><\/p>\n\n\n\n<p><strong>Was Macht ds W\u00e4tter?<\/strong><\/p>\n\n\n\n<div class=\"wp-block-group has-global-padding is-layout-constrained wp-block-group-is-layout-constrained\">\n<ul class=\"wp-block-list\">\n<li>Samstag 11. Januar 2025 <a href=\"https:\/\/schlachthaus.ch\/\">Schlachthaus Theater Bern<\/a><\/li>\n\n\n\n<li>Sonntag 12. Januar 2025 <a href=\"https:\/\/schlachthaus.ch\/\">Schlachthaus Theater Bern<\/a><\/li>\n\n\n\n<li>Sonntag 19. Januar 2025 <a href=\"https:\/\/www.theaterinthun.ch\/\">Theater in Thun<\/a><\/li>\n\n\n\n<li>Dienstag 21. Januar 2025 <a href=\"https:\/\/www.theaterlink.ch\/stueck_detail.php?id=65&amp;language=de&amp;edition_id=10&amp;stueck_id=207\">Casino Theater Burgdorf<\/a> Schulvorstellung<\/li>\n\n\n\n<li>Mittwoch 22. Januar 2025 <a href=\"https:\/\/www.theaterlink.ch\/stueck_detail.php?id=65&amp;language=de&amp;edition_id=10&amp;stueck_id=207\">Casino Theater Burgdorf<\/a><\/li>\n\n\n\n<li>Sonntag 2. Februar 2025 <a href=\"https:\/\/www.zigzagtheatre.ch\/\">Zigzag Theater Lausanne<\/a> (in franz\u00f6sischer Spache)<\/li>\n\n\n\n<li>Montag 3. Februar 2025 <a href=\"https:\/\/www.zigzagtheatre.ch\/\">Zigzag Theater Lausanne (in franz\u00f6sischer Spache)<\/a><\/li>\n\n\n\n<li>Freitag 14. M\u00e4rz 2025 Th\u00e9\u00e2tre d&#8217;Orleans Paris (in franz\u00f6sisch)<\/li>\n\n\n\n<li>Freitag 21.  M\u00e4rz Vorstadt Theater Basel Schulvorstellung<\/li>\n\n\n\n<li>Samstag 22.  M\u00e4rz Vorstadt Theater Basel <\/li>\n\n\n\n<li>Sontag 23. M\u00e4rz Vorstadt Theater Basel <\/li>\n\n\n\n<li>Freitag 2. Mai 2025 La Grenouilles Biel\/Bienne Schulvorstellung<\/li>\n\n\n\n<li>Samstag 3. Mai 2025 La Grenouilles Biel\/Bienne<\/li>\n\n\n\n<li>Sonntag 4. Mai 2025 La Grenouilles Biel\/Bienne (in franz\u00f6sisch)<\/li>\n\n\n\n<li>Dienstag 6. Mai 2025 La Grenouilles Biel\/Bienne (in franz\u00f6sisch) Schulvorstellung<\/li>\n\n\n\n<li>Mittwoch 7. Mai 2025 La course d&#8217;\u00e9cole Lausanne (in franz\u00f6sische) Schulvorstellung<\/li>\n\n\n\n<li>Freitag 16. Mai 2025 Kultur im Eisenwerk in Frauenfeld Schulvorstellung<\/li>\n\n\n\n<li>Samstag 17. Mai 2025 Kultur im Eisenwerk in Frauenfeld<\/li>\n\n\n\n<li>Sonntag 25. Mai 2025 Theaterhaus Thurgau in Weinfelden<\/li>\n\n\n\n<li>Dienstag 27. Mai 2025 Theaterhaus Thurgau in Weinfelden Schulvorstellung<\/li>\n<\/ul>\n\n\n\n<p><strong>Guet Nacht, Chuchi<\/strong><\/p>\n\n\n\n<ul class=\"wp-block-list\">\n<li>Donnerstag, 16. Januar 2025 <a href=\"https:\/\/www.zeughauskultur.ch\/zeughauskultur.ch-98sw36\/de\/gesamtes-programm\/event_id-33098\">Zeughaus Kultur Brig<\/a><\/li>\n\n\n\n<li>Montag 20. Januar 2025 Theater Perlen Obwalden Schulvorstellung<\/li>\n\n\n\n<li>Dienstag 21. Januar 2025 Theater Perlen Obwalden Schulvorstellung<\/li>\n\n\n\n<li>Mittwoch 22. Januar 2025 Theater Perlen Obwalden Schulvorstellung<\/li>\n\n\n\n<li>Sonntag 9. Februar 2025 <a href=\"https:\/\/www.stadttheater-langenthal.ch\/de\">Stadttheater Langenthal&nbsp;<\/a><\/li>\n\n\n\n<li>Sonntag 6. April 2025 <a href=\"https:\/\/www.sudpol.ch\/\">Sudpol Luzern<\/a><\/li>\n<\/ul>\n\n\n\n<h5 class=\"wp-block-heading\"><\/h5>\n<\/div>\n<\/div>\n<\/div>\n\n\n\n<p><\/p>\n\n\n\n<ul class=\"wp-block-list\">\n<li>Mittwoch, 26. Oktober 2022, 14:40 Uhr, Theater Stadelhofen Z\u00fcrich&nbsp;<\/li>\n\n\n\n<li>Donnerstag, 27. Oktober 2022, 10:00 Uhr, Theater Stadelhofen Z\u00fcrich&nbsp;<\/li>\n\n\n\n<li>Donnerstag, 27. Oktober 2022, 14:00 Uhr, Theater Stadelhofen Z\u00fcrich&nbsp;<\/li>\n\n\n\n<li>Freitag, 28. Oktober 2022, 10:00 Uhr, Theater Stadelhofen Z\u00fcrich&nbsp;&nbsp;<\/li>\n\n\n\n<li>Samstag, 29. Oktober 2022, 14:30 Uhr, Theater Stadelhofen Z\u00fcrich&nbsp;<\/li>\n\n\n\n<li>Sonntag, 30 Oktober 2022, 11:00 Uhr, Theater Stadelhofen Z\u00fcrich&nbsp;<\/li>\n\n\n\n<li>Freitag, 2. Dezember 2022, 10:00 Uhr, Schlachthaus Theater Bern&nbsp;&nbsp;<\/li>\n\n\n\n<li>Samstag, 3. Dezember 2022, 16:00 Uhr, Schlachthaus Theater Bern&nbsp;&nbsp;<\/li>\n\n\n\n<li>Sonntag, 4. Dezember 2022, 11:00 Uhr, Schlachthaus Theater Bern&nbsp;&nbsp;<\/li>\n\n\n\n<li>Sonntag, 4. Dezember 2022, 15:00 Uhr, Schlachthaus Theater Bern&nbsp;&nbsp;<\/li>\n\n\n\n<li>Montag, 5. Dezember 2002, 10:00 Uhr, Schlachthaus Theater Bern&nbsp;&nbsp;<\/li>\n\n\n\n<li>Mittwoch, 15. Februar 2023, 10:00 Uhr, B\u00fchnen Aarau&nbsp;<\/li>\n\n\n\n<li>Mittwoch, 15. Februar 2023, 15:00 Uhr, B\u00fchne Aarau&nbsp;&nbsp;<\/li>\n\n\n\n<li>Donnerstag, 16. Februar 2023, 10:00 Uhr, B\u00fchne Aarau&nbsp;&nbsp;<\/li>\n\n\n\n<li>Freitag, 17. Februar 2023, 10:00 Uhr, B\u00fchne Aarau&nbsp;&nbsp;<\/li>\n\n\n\n<li>Sonntag, 19. Februar 2023, 10:00 Uhr, B\u00fchne Aarau&nbsp;<\/li>\n<\/ul>\n\n\n\n<ul class=\"wp-block-list\">\n<li>Mittwoch, 27. September 2023, 10:00 und 14:30, Theater Stadelhofen Z\u00fcrich&nbsp;<\/li>\n\n\n\n<li>Donnerstag, 28. September 2023, 10:00, Theater Stadelhofen Z\u00fcrich&nbsp;<\/li>\n\n\n\n<li>Freitag, 29. September 2023, 10:00, Theater Stadelhofen Z\u00fcrich&nbsp;<\/li>\n\n\n\n<li>Samstag, 30. September 2023, 14:30, Theater Stadelhofen Z\u00fcrich&nbsp;<\/li>\n\n\n\n<li>Sonntag, 1. Oktober 2023, 11:00, Theater Stadelhofen Z\u00fcrich&nbsp;<\/li>\n\n\n\n<li>Montag, 2. Oktober 2023, 10:00, Theater Stadelhofen Z\u00fcrich&nbsp;<\/li>\n\n\n\n<li>Dienstag, 24. Oktober 2023, 10:00, B\u00fchne Aarau&nbsp;<\/li>\n\n\n\n<li>Mittwoch, 25. Oktober 2023, 10:00, B\u00fchne Aarau&nbsp;<\/li>\n\n\n\n<li>Donnerstag, 26. Oktober 2023, 10:00, B\u00fchne Aarau&nbsp;<\/li>\n\n\n\n<li>Freitag, 27. Oktober 2023, 10:00, B\u00fchne Aarau&nbsp;<\/li>\n\n\n\n<li>Samstag, 28. Oktober 2023, 15:00, B\u00fchne Aarau&nbsp;<\/li>\n\n\n\n<li>Dienstag, 31. Oktober 2023, 10:30, Kellertheater Bremgarten&nbsp;<\/li>\n\n\n\n<li>Donnerstag, 2. November 2023, 08:45 und 10:30, Kellertheater Bremgarten&nbsp;<\/li>\n\n\n\n<li>Freitag, 3. November 2023, 08:45 und 10:30, Kellertheater Bremgarten&nbsp;<\/li>\n\n\n\n<li>Samstag, 11. November 2023, 15:00, ThiK Baden&nbsp;<\/li>\n\n\n\n<li>Sonntag, 12. November 2023, 11:00, ThiK Baden&nbsp;<\/li>\n\n\n\n<li>Dienstag, 14. November 2023, 10:00, ThiK Baden&nbsp;<\/li>\n\n\n\n<li>Mittwoch, 15. November 2023, 08:45 und 10:30, ThiK Baden&nbsp;<\/li>\n\n\n\n<li>Donnerstag, 16. November 2023, 08:45 und 10:30, ThiK Baden&nbsp;<\/li>\n\n\n\n<li>Freitag, 17. November 2023, 10:00, ThiK Baden&nbsp;<\/li>\n\n\n\n<li>Montag, 20. November 2023, 10:30, Kleine B\u00fchne Zofingen&nbsp;<\/li>\n\n\n\n<li>Dienstag, 21. November 2023, 08:45 und 10:30, Kleine B\u00fchne Zofingen&nbsp;<\/li>\n\n\n\n<li>Mittwoch, 22. November 2023, 08:45 und 10:30, Kleine B\u00fchne Zofingen&nbsp;<\/li>\n\n\n\n<li>Donnerstag, 23. November 2023, 08:45 und 10:30, Kleine B\u00fchne Zofingen&nbsp;<\/li>\n\n\n\n<li>Samstag, 25. November 2023, 15:00, Figurentheater Luzern&nbsp;<\/li>\n\n\n\n<li>Sonntag, 26. November 2023, 11:00, Figurentheater Luzern&nbsp;<\/li>\n\n\n\n<li>Mittwoch, 29. November 2023, 15:00, Figurentheater Luzern&nbsp;<\/li>\n\n\n\n<li>Sonntag, 3. Dezember 2023, 15:00, Kulturkeller Gerberstock Kerzers&nbsp;&nbsp;<\/li>\n\n\n\n<li>Donnerstag, 7. Dezember 2023 10:00, Schlachthaus Theater Bern&nbsp;<\/li>\n\n\n\n<li>Freitag, 8. Dezember 2023 10:00, Schlachthaus Theater Bern&nbsp;<\/li>\n\n\n\n<li>Samstag, 9. Dezember 2023 16:00, Schlachthaus Theater Bern&nbsp;<\/li>\n\n\n\n<li>Sonntag, 10. Dezember 2023 15:00, Schlachthaus Theater Bern&nbsp;<\/li>\n\n\n\n<li>Sonntag, 25. Februar 2024, 15:00, Stadttheater Langenthal&nbsp;<\/li>\n\n\n\n<li>Montag, 26. Februar 2024, 10:15, Stadttheater Langenthal&nbsp;<\/li>\n\n\n\n<li>Dienstag, 27. Februar 2024, 10:15 und 13:30, Stadttheater Langenthal&nbsp;<\/li>\n\n\n\n<li>Dienstag, 5. M\u00e4rz 2024 10:00, Jungspund Theaterfestival f\u00fcr junges Publikum St. Gallen&nbsp;<\/li>\n\n\n\n<li>Mittwoch, 6. M\u00e4rz 2024 15:00, Jungspund Theaterfestival f\u00fcr junges Publikum St. Gallen&nbsp;<\/li>\n<\/ul>\n\n\n\n<ul class=\"wp-block-list\">\n<li>Dienstag, 26. M\u00e4rz 2024, 10:15, Theater Chur&nbsp;<\/li>\n\n\n\n<li>Mittwoch, 27. M\u00e4rz 2024, 10:15 und 18:00, Theater Chur&nbsp;<\/li>\n\n\n\n<li>Donnerstag, 28. M\u00e4rz 2024, 10:15, Theater Chur&nbsp;<\/li>\n<\/ul>\n\n\n\n<ul class=\"wp-block-list\">\n<li>Sonntag, 17. M\u00e4rz 2024, 15:00,&nbsp; Casino Theater Zug&nbsp;<\/li>\n\n\n\n<li>Mittwoch, 24. April 2024, 14:00, <a href=\"https:\/\/www.zeughauskultur.ch\/zeughauskultur.ch-98sw36\/de\/gesamtes-programm\/event_id-28806\">Zeughauskultur Brig<\/a>&nbsp;<\/li>\n\n\n\n<li>Donnerstag, 25. April 2024, 14:00, <a href=\"https:\/\/www.zeughauskultur.ch\/zeughauskultur.ch-98sw36\/de\/gesamtes-programm\/event_id-28806\">Zeughauskultur Brig&nbsp;<\/a><\/li>\n\n\n\n<li>Freitag, 26. April 2024, 14:00, <a href=\"https:\/\/www.zeughauskultur.ch\/zeughauskultur.ch-98sw36\/de\/gesamtes-programm\/event_id-28806\">Zeughauskultur Brig&nbsp;<\/a><\/li>\n\n\n\n<li>Dienstag, 7. Mai 2024, 08:45 und 10:30, <a href=\"https:\/\/www.augenauf-theater.ch\/wasmachtsw%C3%A4tter\">Theaterfr\u00fchling Winterthur&nbsp;<\/a><\/li>\n\n\n\n<li>Mittwoch, 8. Mai 2024, 08:45 und 10:30 und 15:00, <a href=\"https:\/\/www.augenauf-theater.ch\/wasmachtsw%C3%A4tter\">Theaterfr\u00fchling Winterthur&nbsp;<\/a><\/li>\n\n\n\n<li>Montag 28. Okt. 2024 <a href=\"https:\/\/www.sternensaal-wohlen.ch\/\">Sternensaal Wohlen<\/a><\/li>\n\n\n\n<li>Dienstag 29. Okt. 2024 <a href=\"https:\/\/www.sternensaal-wohlen.ch\/\">Sternensaal Wohlen<\/a><\/li>\n\n\n\n<li>Mittwoch 30. Okt. 2024 <a href=\"https:\/\/www.sternensaal-wohlen.ch\/\">Sternensaal Wohlen<\/a><\/li>\n\n\n\n<li>Dienstag 3. Dez. 2024 Theater am Bahnhof Reinach<\/li>\n\n\n\n<li>Mittwoch 4. Dez. 2024 Theater am Bahnhof Reinach<\/li>\n\n\n\n<li>Donnerstag 5. Dez. 2024 Theater am Bahnhof Reinach<\/li>\n\n\n\n<li>Freitag. 6 Dez. 2024 Theater am Bahnhof Reinach<\/li>\n<\/ul>\n\n\n\n<p><\/p>\n\n\n\n<p><strong>Guet Nacht, Chuchi<\/strong><\/p>\n\n\n\n<ul class=\"wp-block-list\">\n<li><strong>PREMIERE<\/strong> Mi 22. Mai 14:30 Premiere <a href=\"https:\/\/www.theater-stadelhofen.ch\/programm\/64dce60462a12\">Theater Stadelhofen Z\u00fcrich<\/a><\/li>\n\n\n\n<li>Mi 22. Mai 10:00 Schulvorstellung <a href=\"https:\/\/www.theater-stadelhofen.ch\/programm\/64dce60462a12\" data-type=\"link\" data-id=\"https:\/\/www.theater-stadelhofen.ch\/programm\/64dce60462a12\">Theater Stadelhofen Z\u00fcrich<\/a><\/li>\n\n\n\n<li>Do 23. Mai 10:00 Schulvorstellungen <a href=\"https:\/\/www.theater-stadelhofen.ch\/programm\/64dce60462a12\" data-type=\"link\" data-id=\"https:\/\/www.theater-stadelhofen.ch\/programm\/64dce60462a12\">Theater Stadelhofen Z\u00fcrich<\/a><\/li>\n\n\n\n<li>Fr 24. Mai 10:00 Schulvorstellungen <a href=\"https:\/\/www.theater-stadelhofen.ch\/programm\/64dce60462a12\" data-type=\"link\" data-id=\"https:\/\/www.theater-stadelhofen.ch\/programm\/64dce60462a12\">Theater Stadelhofen Z\u00fcrich<\/a><\/li>\n\n\n\n<li>Sa 25. Mai 14:30 Vorstellung <a href=\"https:\/\/www.theater-stadelhofen.ch\/programm\/64dce60462a12\" data-type=\"link\" data-id=\"https:\/\/www.theater-stadelhofen.ch\/programm\/64dce60462a12\">Theater Stadelhofen Z\u00fcrich<\/a><\/li>\n\n\n\n<li>So 26. Mai 11:00 Vorstellung <a href=\"https:\/\/www.theater-stadelhofen.ch\/programm\/64dce60462a12\">Theater Stadelhofen Z\u00fcrich<\/a><\/li>\n\n\n\n<li>Mo 27. Mai 10:00 Schulvorstellungen <a href=\"https:\/\/www.theater-stadelhofen.ch\/programm\/64dce60462a12\">Theater Stadelhofen Z\u00fcrich<\/a><\/li>\n\n\n\n<li>Mi 29. Mai 10:00 Schulvorstellung<a href=\"https:\/\/www.buehne-aarau.ch\/programm\/guet-nacht-chuchi\"> B\u00fchne Aarau<\/a><\/li>\n\n\n\n<li>Mi 29. Mai 15:00 Vorstellung <a href=\"https:\/\/www.buehne-aarau.ch\/programm\/guet-nacht-chuchi\">B\u00fchne Aara<\/a>u<\/li>\n\n\n\n<li>Do 30. Mai 10:00 Schulvorstellung <a href=\"https:\/\/www.buehne-aarau.ch\/programm\/guet-nacht-chuchi\">B\u00fchne Aarau<\/a><\/li>\n\n\n\n<li>Fr 31. Mai 15:00 Vorstellung <a href=\"https:\/\/www.buehne-aarau.ch\/programm\/guet-nacht-chuchi\">B\u00fchne Aarau<\/a><\/li>\n\n\n\n<li>Montag 28. Oktober 2024 <a href=\"https:\/\/www.kleinebuehnezofingen.ch\/kbz\/31_theaterfunken_spielplan.php\">Kleine B\u00fchne Zofingen<\/a><\/li>\n\n\n\n<li>Dienstag 29. Oktober 2024 <a href=\"https:\/\/www.kleinebuehnezofingen.ch\/kbz\/31_theaterfunken_spielplan.php\">Kleine B\u00fchne Zofingen<\/a><\/li>\n\n\n\n<li>Mittwoch 30. Oktober 2024 <a href=\"https:\/\/www.kleinebuehnezofingen.ch\/kbz\/31_theaterfunken_spielplan.php\">Kleine B\u00fchne Zofingen<\/a><\/li>\n\n\n\n<li>Donnerstag 31. Oktober 2024 <a href=\"https:\/\/www.kleinebuehnezofingen.ch\/kbz\/31_theaterfunken_spielplan.php\">Kleine B\u00fchne Zofingen<\/a><\/li>\n\n\n\n<li>Samstag 9. November 2024 <a href=\"https:\/\/www.thik.ch\/\">ThiK Baden<\/a> <\/li>\n\n\n\n<li>Sonntag 10. November 2024<a href=\"https:\/\/www.thik.ch\/\"> ThiK Baden<\/a> <\/li>\n\n\n\n<li>Montag 11. November 2024 <a href=\"https:\/\/www.thik.ch\/\">ThiK Baden<\/a> <\/li>\n\n\n\n<li>Dienstag 12. November 2024 <a href=\"https:\/\/www.thik.ch\/\">ThiK Baden<\/a> <\/li>\n\n\n\n<li>Mittwoch 13. November 2024 <a href=\"https:\/\/www.thik.ch\/\">ThiK Baden <\/a><\/li>\n\n\n\n<li>Donnerstag 14. November 2024 <a href=\"https:\/\/www.thik.ch\/\">ThiK Baden <\/a><\/li>\n\n\n\n<li>Freitag 15. November 2024 <a href=\"https:\/\/www.thik.ch\/\">ThiK Baden<\/a> <\/li>\n\n\n\n<li>Dienstag 19. November 2024 <a href=\"https:\/\/www.buehne-aarau.ch\/programm\">B\u00fchne Aarau<\/a><\/li>\n\n\n\n<li>Mittwoch 20. November 2024 <a href=\"https:\/\/www.buehne-aarau.ch\/programm\">B\u00fchne Aarau<\/a><\/li>\n\n\n\n<li>Donnerstag 21. November 2024 <a href=\"https:\/\/www.buehne-aarau.ch\/programm\">B\u00fchne Aarau<\/a><\/li>\n\n\n\n<li>Freitag 22. November 2024 <a href=\"https:\/\/www.buehne-aarau.ch\/programm\">B\u00fchne Aarau<\/a><\/li>\n\n\n\n<li>Samstag 23. November 2024 <a href=\"https:\/\/www.buehne-aarau.ch\/programm\">B\u00fchne Aarau<\/a><\/li>\n\n\n\n<li>Sonntag 8. Dezember 2024 <a href=\"https:\/\/schlachthaus.ch\/\">Schlachthaus Theater Bern<\/a><\/li>\n\n\n\n<li>Dienstag 10. Dezember 2024 <a href=\"https:\/\/schlachthaus.ch\/\">Schlachthaus Theater Bern<\/a><\/li>\n\n\n\n<li>Mittwoch 11. Dezember 2024 <a href=\"https:\/\/schlachthaus.ch\/\">Schlachthaus Theater Bern<\/a><\/li>\n\n\n\n<li>Donnerstag 12. Dezember 2024 <a href=\"https:\/\/schlachthaus.ch\/\">Schlachthaus Theater Bern<\/a><\/li>\n\n\n\n<li>Samstag 14. Dezember 2024 <a href=\"https:\/\/schlachthaus.ch\/\">Schlachthaus Theater Bern<\/a><\/li>\n\n\n\n<li>Sonntag 15. Dezember 2024 <a href=\"https:\/\/schlachthaus.ch\/\">Schlachthaus Theater Bern<\/a><\/li>\n<\/ul>\n","protected":false},"excerpt":{"rendered":"<p>Vorgangene Daten 22\/23\/24\/25 Was Macht ds W\u00e4tter? Guet Nacht, Chuchi Guet Nacht, Chuchi<\/p>\n","protected":false},"author":2,"featured_media":0,"parent":0,"menu_order":0,"comment_status":"closed","ping_status":"closed","template":"","meta":{"footnotes":""},"class_list":["post-54","page","type-page","status-publish","hentry"],"_links":{"self":[{"href":"https:\/\/www.engelundmagorrian.ch\/index.php?rest_route=\/wp\/v2\/pages\/54","targetHints":{"allow":["GET"]}}],"collection":[{"href":"https:\/\/www.engelundmagorrian.ch\/index.php?rest_route=\/wp\/v2\/pages"}],"about":[{"href":"https:\/\/www.engelundmagorrian.ch\/index.php?rest_route=\/wp\/v2\/types\/page"}],"author":[{"embeddable":true,"href":"https:\/\/www.engelundmagorrian.ch\/index.php?rest_route=\/wp\/v2\/users\/2"}],"replies":[{"embeddable":true,"href":"https:\/\/www.engelundmagorrian.ch\/index.php?rest_route=%2Fwp%2Fv2%2Fcomments&post=54"}],"version-history":[{"count":27,"href":"https:\/\/www.engelundmagorrian.ch\/index.php?rest_route=\/wp\/v2\/pages\/54\/revisions"}],"predecessor-version":[{"id":244,"href":"https:\/\/www.engelundmagorrian.ch\/index.php?rest_route=\/wp\/v2\/pages\/54\/revisions\/244"}],"wp:attachment":[{"href":"https:\/\/www.engelundmagorrian.ch\/index.php?rest_route=%2Fwp%2Fv2%2Fmedia&parent=54"}],"curies":[{"name":"wp","href":"https:\/\/api.w.org\/{rel}","templated":true}]}}